{"id":127,"date":"2021-12-29T13:55:54","date_gmt":"2021-12-29T13:55:54","guid":{"rendered":"https:\/\/www.rudolfinskyples.cz\/?page_id=127"},"modified":"2025-09-02T18:44:42","modified_gmt":"2025-09-02T18:44:42","slug":"kostymy","status":"publish","type":"page","link":"https:\/\/www.rudolfinskyples.cz\/index.php\/kostymy\/","title":{"rendered":"Kost\u00fdmy"},"content":{"rendered":"\n<p>Abychom nepokazili dobov\u00e9 \u201ekulisy\u201c plesu, vyhla\u0161ujeme na celou dobu akce kost\u00fdmovou povinnost&nbsp;<strong>renesance a ran\u00e9ho baroka<\/strong>, Evropa.&nbsp;<strong>Kost\u00fdmy<\/strong>&nbsp;je mo\u017eno p\u016fj\u010dit, doporu\u010dujeme kamar\u00e1dy, p\u0159\u00edpadn\u011b&nbsp;<a href=\"http:\/\/www.barrandov.cz\/clanek\/pujcovna-pro-verejnost\/\"><strong>Barrandov<\/strong><\/a>. Pokud n\u00e1m d\u00e1te v\u011bd\u011bt v\u010das (alespo\u0148 dva m\u011bs\u00edce p\u0159ed akc\u00ed) m\u016f\u017eeme v\u00e1m zajistit kost\u00fdm i my.<\/p>\n\n\n\n<p>Pro zachov\u00e1n\u00ed dobov\u00e9 atmosf\u00e9ry v\u00e1s tak\u00e9 pros\u00edme, abyste si p\u0159inesli\u00a0<strong>vlastn\u00ed poh\u00e1r na pit\u00ed, m\u00e1te-li vlastn\u00ed dobov\u00e9 j\u00eddeln\u00ed vybaven\u00ed, (tal\u00ed\u0159, j\u00eddeln\u00ed no\u017e\u00edk apod\u2026 :-), nechali doma fotoapar\u00e1t, pokud mo\u017eno nechali doma br\u00fdle a rad\u011bji je nahradili kontaktn\u00edmi \u010do\u010dkami.\u00a0<\/strong>Pokud m\u00e1te dotazy nebo si nev\u00edte rady, nev\u00e1hejte se na n\u00e1s obr\u00e1tit.<\/p>\n\n\n\n<p>Inspiraci pro va\u0161e kost\u00fdmy \u010di p\u0159\u00edmo \u0161vadlenu m\u016f\u017eete naj\u00edt na:<br><a href=\"http:\/\/kostym.cz\/\">Str\u00e1nk\u00e1ch Kost\u00fdm.cz<\/a>, <a href=\"https:\/\/cz.pinterest.com\/ccatany\/our-work-kostymcz\/\">Pinterest Kostym.cz<\/a>, <a href=\"https:\/\/common-reenactors.blogspot.com\/2018\/07\/uvod-do-skladby-odevu-pracujucich-zien.html\" target=\"_blank\" rel=\"noreferrer noopener\">Skladba od\u011bvu pracuj\u00edc\u00edch \u017een<\/a>,&nbsp;<a href=\"https:\/\/www.renesancnimoda.cz\/\" target=\"_blank\" rel=\"noreferrer noopener\">Renesan\u010dn\u00ed m\u00f3da<\/a>, <a href=\"http:\/\/moda-minulosti.cz\/uvod\/\">Ateli\u00e9r M\u00f3da minulosti<\/a>, ve vide\u00edch pak nap\u0159.  <a href=\"https:\/\/www.youtube.com\/@TheCoutureCourtesan\">Samantha Bullat<\/a>: <a href=\"https:\/\/www.youtube.com\/watch?v=dA8hU2iQ8bk\">kirtle<\/a>, <a href=\"https:\/\/www.youtube.com\/watch?v=uEaE0bx5O2I\">od\u011bv 1600-25<\/a>, <a href=\"https:\/\/www.youtube.com\/watch?v=WRSSZL1LHAU\">od\u011bv pracuj\u00edc\u00ed \u017eeny<\/a>, <a href=\"https:\/\/www.youtube.com\/watch?v=c8np3Gc8Kwg\">od\u011bv kr\u00e1lovny<\/a> a n\u011bjak\u00e9 informace o <a href=\"https:\/\/www.youtube.com\/watch?v=nihsquAXyv0\">krejzlech<\/a>, <a href=\"https:\/\/www.youtube.com\/@MorganDonner\/videos\">Morgan Donner<\/a>: <a href=\"https:\/\/www.youtube.com\/watch?v=2SNdQYg4Xag\">ko\u0161ile<\/a>, <a href=\"https:\/\/www.youtube.com\/watch?v=Rpin0IEUZiQ\">ben\u00e1tsk\u00e9 \u0161aty<\/a> \u010di <a href=\"https:\/\/www.youtube.com\/@elinabrahamsson9442\">Elin Abrahamsson<\/a>: <a href=\"https:\/\/www.youtube.com\/watch?v=D2-Dw1VsN6Q\">ko\u0161ile<\/a>, <a href=\"https:\/\/www.youtube.com\/watch?v=vdX3IOqFDZ0\">kirtle<\/a> a mnoho dal\u0161\u00edch, <a href=\"https:\/\/www.youtube.com\/watch?v=uIod2n234Zw\">od\u011bv \u017eeny v Delf\u00e1ch 1665<\/a> a mnoho dal\u0161\u00edch.<\/p>\n\n\n<div class=\"wp-block-image is-resized\">\n<figure class=\"alignleft size-large\"><img loading=\"lazy\" decoding=\"async\" width=\"1024\" height=\"843\" src=\"https:\/\/www.rudolfinskyples.cz\/wp-content\/uploads\/2021\/12\/P1010018-1024x843.jpg\" alt=\"\" class=\"wp-image-129\" srcset=\"https:\/\/www.rudolfinskyples.cz\/wp-content\/uploads\/2021\/12\/P1010018-1024x843.jpg 1024w, https:\/\/www.rudolfinskyples.cz\/wp-content\/uploads\/2021\/12\/P1010018-300x247.jpg 300w, https:\/\/www.rudolfinskyples.cz\/wp-content\/uploads\/2021\/12\/P1010018-768x632.jpg 768w, https:\/\/www.rudolfinskyples.cz\/wp-content\/uploads\/2021\/12\/P1010018-1536x1265.jpg 1536w, https:\/\/www.rudolfinskyples.cz\/wp-content\/uploads\/2021\/12\/P1010018-2048x1687.jpg 2048w\" sizes=\"auto, (max-width: 1024px) 100vw, 1024px\" \/><\/figure>\n<\/div>\n\n\n<div class=\"wp-block-group\"><div class=\"wp-block-group__inner-container is-layout-flow wp-block-group-is-layout-flow\"><div class=\"wp-block-image is-resized\">\n<figure class=\"alignright size-large\"><img loading=\"lazy\" decoding=\"async\" width=\"1024\" height=\"833\" src=\"https:\/\/www.rudolfinskyples.cz\/wp-content\/uploads\/2021\/12\/P1010021-1024x833.jpg\" alt=\"\" class=\"wp-image-130\" srcset=\"https:\/\/www.rudolfinskyples.cz\/wp-content\/uploads\/2021\/12\/P1010021-1024x833.jpg 1024w, https:\/\/www.rudolfinskyples.cz\/wp-content\/uploads\/2021\/12\/P1010021-300x244.jpg 300w, https:\/\/www.rudolfinskyples.cz\/wp-content\/uploads\/2021\/12\/P1010021-768x625.jpg 768w, https:\/\/www.rudolfinskyples.cz\/wp-content\/uploads\/2021\/12\/P1010021-1536x1249.jpg 1536w, https:\/\/www.rudolfinskyples.cz\/wp-content\/uploads\/2021\/12\/P1010021-2048x1666.jpg 2048w\" sizes=\"auto, (max-width: 1024px) 100vw, 1024px\" \/><\/figure>\n<\/div><\/div><\/div>\n\n\n<div class=\"wp-block-image is-resized\">\n<figure class=\"alignleft size-large\"><img loading=\"lazy\" decoding=\"async\" width=\"1024\" height=\"907\" src=\"https:\/\/www.rudolfinskyples.cz\/wp-content\/uploads\/2021\/12\/P1010047-1024x907.jpg\" alt=\"\" class=\"wp-image-132\" srcset=\"https:\/\/www.rudolfinskyples.cz\/wp-content\/uploads\/2021\/12\/P1010047-1024x907.jpg 1024w, https:\/\/www.rudolfinskyples.cz\/wp-content\/uploads\/2021\/12\/P1010047-300x266.jpg 300w, https:\/\/www.rudolfinskyples.cz\/wp-content\/uploads\/2021\/12\/P1010047-768x680.jpg 768w, https:\/\/www.rudolfinskyples.cz\/wp-content\/uploads\/2021\/12\/P1010047-1536x1361.jpg 1536w, https:\/\/www.rudolfinskyples.cz\/wp-content\/uploads\/2021\/12\/P1010047-2048x1814.jpg 2048w\" sizes=\"auto, (max-width: 1024px) 100vw, 1024px\" \/><\/figure>\n<\/div>\n\n\n<div class=\"wp-block-group\"><div class=\"wp-block-group__inner-container is-layout-flow wp-block-group-is-layout-flow\">\n<div class=\"wp-block-group\"><div class=\"wp-block-group__inner-container is-layout-flow wp-block-group-is-layout-flow\">\n<div class=\"wp-block-group\"><div class=\"wp-block-group__inner-container is-layout-flow wp-block-group-is-layout-flow\">\n<div class=\"wp-block-group\"><div class=\"wp-block-group__inner-container is-layout-flow wp-block-group-is-layout-flow\"><div class=\"wp-block-image is-resized\">\n<figure class=\"alignright size-large\"><img loading=\"lazy\" decoding=\"async\" width=\"1024\" height=\"864\" src=\"https:\/\/www.rudolfinskyples.cz\/wp-content\/uploads\/2021\/12\/P1010048-1024x864.jpg\" alt=\"\" class=\"wp-image-133\" srcset=\"https:\/\/www.rudolfinskyples.cz\/wp-content\/uploads\/2021\/12\/P1010048-1024x864.jpg 1024w, https:\/\/www.rudolfinskyples.cz\/wp-content\/uploads\/2021\/12\/P1010048-300x253.jpg 300w, https:\/\/www.rudolfinskyples.cz\/wp-content\/uploads\/2021\/12\/P1010048-768x648.jpg 768w, https:\/\/www.rudolfinskyples.cz\/wp-content\/uploads\/2021\/12\/P1010048-1536x1296.jpg 1536w, https:\/\/www.rudolfinskyples.cz\/wp-content\/uploads\/2021\/12\/P1010048-2048x1728.jpg 2048w\" sizes=\"auto, (max-width: 1024px) 100vw, 1024px\" \/><\/figure>\n<\/div><\/div><\/div>\n<\/div><\/div>\n<\/div><\/div>\n<\/div><\/div>\n\n\n\n<p><\/p>\n\n\n\n<p><strong>\u00da\u010cESY<\/strong><\/p>\n\n\n\n<p>Letos na V\u00e1s op\u011bt&nbsp;\u010dekaj\u00ed i&nbsp;<strong>kade\u0159nice z&nbsp;<a rel=\"noreferrer noopener\" href=\"https:\/\/www.facebook.com\/lazebnautygraadraka\/\" target=\"_blank\">Lazebny u Tygra a draka<\/a><\/strong>, kter\u00e9 pomohou dotvo\u0159it V\u00e1\u0161 \u00fa\u010des odpov\u00eddaj\u00edc\u00ed Va\u0161im \u0161at\u016fm. Maj\u00ed pro V\u00e1s p\u0159ipraven\u00e9 hedv\u00e1bn\u00e9 stu\u017eky, kv\u011btiny \u010di drobn\u00e9 p\u0159\u00ed\u010desky, abyste byla po jejich n\u00e1v\u0161t\u011bv\u011b dobov\u011b neodolateln\u00e1. P\u0159ipravte si proto, mil\u00e9 d\u00e1my, i drobn\u00fd obnos (50,- a\u017e 100,- dle n\u00e1ro\u010dnosti \u00fa\u010desu) pro na\u0161e lazebnice, neb zmi\u0148ovan\u00e9 v\u011bci z\u016fstanou po odchodu z plesu na Va\u0161ich kr\u00e1sn\u00fdch hlav\u00e1ch.&nbsp;T\u011b\u0161it se na V\u00e1s budou v den plesu od 17h v prostor\u00e1ch Velk\u00e9ho s\u00e1lu.<\/p>\n\n\n<div class=\"wp-block-image\">\n<figure class=\"alignleft size-large is-resized\"><img loading=\"lazy\" decoding=\"async\" width=\"1024\" height=\"825\" src=\"https:\/\/www.rudolfinskyples.cz\/wp-content\/uploads\/2021\/12\/P1010049-1024x825.jpg\" alt=\"\" class=\"wp-image-65\" style=\"width:415px;height:334px\" srcset=\"https:\/\/www.rudolfinskyples.cz\/wp-content\/uploads\/2021\/12\/P1010049-1024x825.jpg 1024w, https:\/\/www.rudolfinskyples.cz\/wp-content\/uploads\/2021\/12\/P1010049-300x242.jpg 300w, https:\/\/www.rudolfinskyples.cz\/wp-content\/uploads\/2021\/12\/P1010049-768x619.jpg 768w, https:\/\/www.rudolfinskyples.cz\/wp-content\/uploads\/2021\/12\/P1010049-1536x1238.jpg 1536w, https:\/\/www.rudolfinskyples.cz\/wp-content\/uploads\/2021\/12\/P1010049-2048x1651.jpg 2048w\" sizes=\"auto, (max-width: 1024px) 100vw, 1024px\" \/><figcaption class=\"wp-element-caption\">Jak na tradi\u010dn\u00ed renesan\u010dn\u00ed d\u00e1msk\u00fd \u00fa\u010des 1<\/figcaption><\/figure>\n<\/div>\n\n<div class=\"wp-block-image\">\n<figure class=\"alignright size-large is-resized\"><img loading=\"lazy\" decoding=\"async\" width=\"1024\" height=\"886\" src=\"https:\/\/www.rudolfinskyples.cz\/wp-content\/uploads\/2021\/12\/P1010050-1024x886.jpg\" alt=\"\" class=\"wp-image-66\" style=\"width:389px;height:336px\" srcset=\"https:\/\/www.rudolfinskyples.cz\/wp-content\/uploads\/2021\/12\/P1010050-1024x886.jpg 1024w, https:\/\/www.rudolfinskyples.cz\/wp-content\/uploads\/2021\/12\/P1010050-300x260.jpg 300w, https:\/\/www.rudolfinskyples.cz\/wp-content\/uploads\/2021\/12\/P1010050-768x665.jpg 768w, https:\/\/www.rudolfinskyples.cz\/wp-content\/uploads\/2021\/12\/P1010050-1536x1329.jpg 1536w, https:\/\/www.rudolfinskyples.cz\/wp-content\/uploads\/2021\/12\/P1010050-2048x1772.jpg 2048w\" sizes=\"auto, (max-width: 1024px) 100vw, 1024px\" \/><figcaption class=\"wp-element-caption\">Jak na tradi\u010dn\u00ed renesan\u010dn\u00ed d\u00e1msk\u00fd \u00fa\u010des 2<\/figcaption><\/figure>\n<\/div>\n\n\n<p><\/p>\n\n\n\n<p><\/p>\n\n\n\n<p>Zdroj obr\u00e1zk\u016f Rien Poortvliet\/Das Erbe (ISBN 978-3490441119)<\/p>\n","protected":false},"excerpt":{"rendered":"<p>Abychom nepokazili dobov\u00e9 \u201ekulisy\u201c plesu, vyhla\u0161ujeme na celou dobu akce kost\u00fdmovou povinnost&nbsp;renesance a ran\u00e9ho baroka, Evropa.&nbsp;Kost\u00fdmy&nbsp;je mo\u017eno p\u016fj\u010dit, doporu\u010dujeme kamar\u00e1dy, p\u0159\u00edpadn\u011b&nbsp;Barrandov. Pokud n\u00e1m d\u00e1te v\u011bd\u011bt<a href=\"https:\/\/www.rudolfinskyples.cz\/index.php\/kostymy\/\" class=\"more-link\"><span class=\"screen-reader-text\"> &#8222;Kost\u00fdmy&#8220;<\/span><\/a><\/p>\n","protected":false},"author":1,"featured_media":0,"parent":0,"menu_order":0,"comment_status":"closed","ping_status":"closed","template":"","meta":{"footnotes":""},"class_list":["post-127","page","type-page","status-publish","hentry"],"_links":{"self":[{"href":"https:\/\/www.rudolfinskyples.cz\/index.php\/wp-json\/wp\/v2\/pages\/127","targetHints":{"allow":["GET"]}}],"collection":[{"href":"https:\/\/www.rudolfinskyples.cz\/index.php\/wp-json\/wp\/v2\/pages"}],"about":[{"href":"https:\/\/www.rudolfinskyples.cz\/index.php\/wp-json\/wp\/v2\/types\/page"}],"author":[{"embeddable":true,"href":"https:\/\/www.rudolfinskyples.cz\/index.php\/wp-json\/wp\/v2\/users\/1"}],"replies":[{"embeddable":true,"href":"https:\/\/www.rudolfinskyples.cz\/index.php\/wp-json\/wp\/v2\/comments?post=127"}],"version-history":[{"count":8,"href":"https:\/\/www.rudolfinskyples.cz\/index.php\/wp-json\/wp\/v2\/pages\/127\/revisions"}],"predecessor-version":[{"id":315,"href":"https:\/\/www.rudolfinskyples.cz\/index.php\/wp-json\/wp\/v2\/pages\/127\/revisions\/315"}],"wp:attachment":[{"href":"https:\/\/www.rudolfinskyples.cz\/index.php\/wp-json\/wp\/v2\/media?parent=127"}],"curies":[{"name":"wp","href":"https:\/\/api.w.org\/{rel}","templated":true}]}}