{"id":2,"date":"2021-10-17T20:14:58","date_gmt":"2021-10-17T20:14:58","guid":{"rendered":"http:\/\/localhost\/wordpress\/?page_id=2"},"modified":"2026-03-29T08:31:44","modified_gmt":"2026-03-29T08:31:44","slug":"sample-page","status":"publish","type":"page","link":"https:\/\/www.rudolfinskyples.cz\/","title":{"rendered":"16. Rudolf\u00ednsk\u00fd ples &#8211; SAVE THE DATE"},"content":{"rendered":"\n<blockquote class=\"wp-block-quote has-text-align-right is-layout-flow wp-block-quote-is-layout-flow\">\n<p>\u201e<strong style=\"font-style: italic;\">Obl\u00e9kn\u011bte si dobov\u00fd kost\u00fdm, op\u00e1sejte se \u0161erpou a zav\u0159ete o\u010di. U\u017e to sly\u0161\u00edte? \u2026 cink\u00e1n\u00ed kovov\u00fdch poh\u00e1r\u016f, \u0161um hlas\u016f, vesel\u00fd sm\u00edch, hra v&nbsp;kostky, melodick\u00e1 hudba, \u0161ust\u011bn\u00ed \u0161at\u016f a klapot podpatk\u016f. V\u016fn\u011b sladk\u00fdch i slan\u00fdch kol\u00e1\u010d\u016f, siln\u00e9ho v\u00edna a ko\u0159en\u011bn\u00e9ho piva.\u201c<\/strong><\/p>\n<cite>Martin Pato\u010dka<\/cite><\/blockquote>\n\n\n\n<p class=\"has-text-align-left\">Ojedin\u011bl\u00fd ples s neopakovatelnou atmosf\u00e9rou renesan\u010dn\u011bbarokn\u00ed slavnosti. <\/p>\n\n\n\n<p class=\"has-text-align-left\">Po nepravidelnostech minul\u00fdch let se vrac\u00edme do lednov\u00e9ho term\u00ednu, kter\u00fd \u00fasp\u011b\u0161n\u011b kli\u010dkuje mezi V\u00e1no\u010dn\u00edmi sv\u00e1tky, Masopustem, jarn\u00edmi pr\u00e1zdninami i p\u0159epln\u011bn\u00fdmi term\u00edny Novom\u011bstsk\u00e9 radnice.<\/p>\n\n\n\n<h2 class=\"wp-block-heading has-text-align-center has-vivid-red-color has-text-color has-link-color wp-elements-61b384dc0c3e2d248f63aa45f55ac318\"><strong>Sobota 23. ledna\u00a02027 18\u201323h<\/strong><\/h2>\n\n\n\n<h2 class=\"wp-block-heading has-text-align-center\"><strong>Velk\u00fd s\u00e1l&nbsp;Novom\u011bstsk\u00e9 radnice, <strong>Karlovo n\u00e1m\u011bst\u00ed 1\/23, Praha 2<\/strong>&nbsp;<\/strong><\/h2>\n\n\n\n<p>R<span style=\"background-color: rgba(0, 0, 0, 0.2); font-size: revert;\"><mark style=\"background-color:#ffffff\" class=\"has-inline-color\">udolf\u00ednsk\u00fd ples je dlouhodob\u00fdm mezioborov\u00fdm projektem, po\u0159\u00e1dan\u00fdm nad\u0161en\u00fdmi neprofesion\u00e1ln\u00edmi badateli. Spojuje ho snaha o prezentaci spole\u010densk\u00e9 z\u00e1bavy p\u0159elomu 16. a 17. stolet\u00ed s t\u00edm, \u017ee db\u00e1me na&nbsp;historickou v\u011brnost. V\u0161ichni jsou od\u011bni v \u0161atech p\u0159edstavovan\u00e9&nbsp;doby,&nbsp;m\u00edsta i&nbsp;spole\u010dnosti.&nbsp;Hudebn\u00edci hraj\u00ed na repliky dobov\u00fdch n\u00e1stroj\u016f unik\u00e1tn\u00edch v&nbsp;prostoru st\u0159edn\u00ed Evropy skladby dle soudob\u00fdch tabul\u00e1tor a notac\u00ed, zp\u011bv\u00e1ci zp\u00edvaj\u00ed p\u016fvodn\u00ed p\u00edsn\u011b t\u00e9to doby, tane\u010dn\u00edci tan\u010d\u00ed na\u0161e \u010di sv\u00e9 vlastn\u00ed rekonstrukce z dochovan\u00fdch dobov\u00fdch spis\u016f. Jako ob\u010derstven\u00ed pod\u00e1v\u00e1me pochoutky na\u0161ich p\u0159edk\u016f. Pou\u017eit\u00e9 rekvizity odpov\u00eddaj\u00ed&nbsp;dob\u011b i&nbsp;spole\u010dnosti, ji\u017e&nbsp;ztv\u00e1r\u0148ujeme. V\u0161e d\u011bl\u00e1me s l\u00e1skou a zv\u00eddavost\u00ed na podklad\u011b pramen\u016f pozdn\u00ed renesance a rann\u00e9ho baroka.<\/mark><\/span> A r\u00e1di bychom tato sv\u00e1 zji\u0161t\u011bn\u00ed p\u0159edali dal\u0161\u00edm.<\/p>\n\n\n\n<p>Pob\u00fdt m\u016f\u017ee ka\u017ed\u00fd, tane\u010dn\u00edk i netane\u010dn\u00edk. Sta\u010d\u00ed obl\u00e9ci si od\u011bv ve stylu evropsk\u00e9 renesance \u010di ran\u00e9ho baroka a vydat se s n\u00e1mi na cestu \u010dasem. Vybalte sv\u00e9 nejhez\u010d\u00ed \u0161aty, poh\u00e1r na v\u00edno a vyberte si ze seznamu skladeb\u2026 T\u011b\u0161\u00edme se na&nbsp;V\u00e1s.<\/p>\n\n\n\n<figure class=\"wp-block-gallery has-nested-images columns-default is-cropped wp-block-gallery-1 is-layout-flex wp-block-gallery-is-layout-flex\">\n<figure class=\"wp-block-image size-large\"><img loading=\"lazy\" decoding=\"async\" width=\"1024\" height=\"683\" data-id=\"73\" src=\"https:\/\/www.rudolfinskyples.cz\/wp-content\/uploads\/2021\/12\/190126_7481_9-Rudolfinsky-ples_Pav-1024x683.jpg\" alt=\"\" class=\"wp-image-73\" srcset=\"https:\/\/www.rudolfinskyples.cz\/wp-content\/uploads\/2021\/12\/190126_7481_9-Rudolfinsky-ples_Pav-1024x683.jpg 1024w, https:\/\/www.rudolfinskyples.cz\/wp-content\/uploads\/2021\/12\/190126_7481_9-Rudolfinsky-ples_Pav-300x200.jpg 300w, https:\/\/www.rudolfinskyples.cz\/wp-content\/uploads\/2021\/12\/190126_7481_9-Rudolfinsky-ples_Pav-768x512.jpg 768w, https:\/\/www.rudolfinskyples.cz\/wp-content\/uploads\/2021\/12\/190126_7481_9-Rudolfinsky-ples_Pav-1536x1024.jpg 1536w, https:\/\/www.rudolfinskyples.cz\/wp-content\/uploads\/2021\/12\/190126_7481_9-Rudolfinsky-ples_Pav-2048x1365.jpg 2048w\" sizes=\"auto, (max-width: 1024px) 100vw, 1024px\" \/><\/figure>\n\n\n\n<figure class=\"wp-block-image size-large\"><img loading=\"lazy\" decoding=\"async\" width=\"1024\" height=\"683\" data-id=\"71\" src=\"https:\/\/www.rudolfinskyples.cz\/wp-content\/uploads\/2021\/12\/190126_7221_9-Rudolfinsky-ples_Pav-1024x683.jpg\" alt=\"\" class=\"wp-image-71\" srcset=\"https:\/\/www.rudolfinskyples.cz\/wp-content\/uploads\/2021\/12\/190126_7221_9-Rudolfinsky-ples_Pav-1024x683.jpg 1024w, https:\/\/www.rudolfinskyples.cz\/wp-content\/uploads\/2021\/12\/190126_7221_9-Rudolfinsky-ples_Pav-300x200.jpg 300w, https:\/\/www.rudolfinskyples.cz\/wp-content\/uploads\/2021\/12\/190126_7221_9-Rudolfinsky-ples_Pav-768x512.jpg 768w, https:\/\/www.rudolfinskyples.cz\/wp-content\/uploads\/2021\/12\/190126_7221_9-Rudolfinsky-ples_Pav-1536x1024.jpg 1536w, https:\/\/www.rudolfinskyples.cz\/wp-content\/uploads\/2021\/12\/190126_7221_9-Rudolfinsky-ples_Pav-2048x1366.jpg 2048w\" sizes=\"auto, (max-width: 1024px) 100vw, 1024px\" \/><\/figure>\n\n\n\n<figure class=\"wp-block-image size-large\"><img loading=\"lazy\" decoding=\"async\" width=\"1024\" height=\"683\" data-id=\"72\" src=\"https:\/\/www.rudolfinskyples.cz\/wp-content\/uploads\/2021\/12\/190126_6428_9_Rudolfinsky-ples_Had-1024x683.jpg\" alt=\"\" class=\"wp-image-72\" srcset=\"https:\/\/www.rudolfinskyples.cz\/wp-content\/uploads\/2021\/12\/190126_6428_9_Rudolfinsky-ples_Had-1024x683.jpg 1024w, https:\/\/www.rudolfinskyples.cz\/wp-content\/uploads\/2021\/12\/190126_6428_9_Rudolfinsky-ples_Had-300x200.jpg 300w, https:\/\/www.rudolfinskyples.cz\/wp-content\/uploads\/2021\/12\/190126_6428_9_Rudolfinsky-ples_Had-768x512.jpg 768w, https:\/\/www.rudolfinskyples.cz\/wp-content\/uploads\/2021\/12\/190126_6428_9_Rudolfinsky-ples_Had-1536x1024.jpg 1536w, https:\/\/www.rudolfinskyples.cz\/wp-content\/uploads\/2021\/12\/190126_6428_9_Rudolfinsky-ples_Had-2048x1366.jpg 2048w\" sizes=\"auto, (max-width: 1024px) 100vw, 1024px\" \/><\/figure>\n\n\n\n<figure class=\"wp-block-image size-large\"><img loading=\"lazy\" decoding=\"async\" width=\"1024\" height=\"683\" data-id=\"74\" src=\"https:\/\/www.rudolfinskyples.cz\/wp-content\/uploads\/2021\/12\/190126_6518_9_Rudolfinsky-ples_Had-1024x683.jpg\" alt=\"\" class=\"wp-image-74\" srcset=\"https:\/\/www.rudolfinskyples.cz\/wp-content\/uploads\/2021\/12\/190126_6518_9_Rudolfinsky-ples_Had-1024x683.jpg 1024w, https:\/\/www.rudolfinskyples.cz\/wp-content\/uploads\/2021\/12\/190126_6518_9_Rudolfinsky-ples_Had-300x200.jpg 300w, https:\/\/www.rudolfinskyples.cz\/wp-content\/uploads\/2021\/12\/190126_6518_9_Rudolfinsky-ples_Had-768x512.jpg 768w, https:\/\/www.rudolfinskyples.cz\/wp-content\/uploads\/2021\/12\/190126_6518_9_Rudolfinsky-ples_Had-1536x1024.jpg 1536w, https:\/\/www.rudolfinskyples.cz\/wp-content\/uploads\/2021\/12\/190126_6518_9_Rudolfinsky-ples_Had-2048x1365.jpg 2048w\" sizes=\"auto, (max-width: 1024px) 100vw, 1024px\" \/><\/figure>\n\n\n\n<figure class=\"wp-block-image size-large\"><img loading=\"lazy\" decoding=\"async\" width=\"1024\" height=\"683\" data-id=\"70\" src=\"https:\/\/www.rudolfinskyples.cz\/wp-content\/uploads\/2021\/12\/MG_6300-1024x683.jpg\" alt=\"\" class=\"wp-image-70\" srcset=\"https:\/\/www.rudolfinskyples.cz\/wp-content\/uploads\/2021\/12\/MG_6300-1024x683.jpg 1024w, https:\/\/www.rudolfinskyples.cz\/wp-content\/uploads\/2021\/12\/MG_6300-300x200.jpg 300w, https:\/\/www.rudolfinskyples.cz\/wp-content\/uploads\/2021\/12\/MG_6300-768x512.jpg 768w, https:\/\/www.rudolfinskyples.cz\/wp-content\/uploads\/2021\/12\/MG_6300.jpg 1329w\" sizes=\"auto, (max-width: 1024px) 100vw, 1024px\" \/><\/figure>\n\n\n\n<figure class=\"wp-block-image size-large\"><img loading=\"lazy\" decoding=\"async\" width=\"1024\" height=\"683\" data-id=\"75\" src=\"https:\/\/www.rudolfinskyples.cz\/wp-content\/uploads\/2021\/12\/190126_6675_9_Rudolfinsky-ples_Had-1024x683.jpg\" alt=\"\" class=\"wp-image-75\" srcset=\"https:\/\/www.rudolfinskyples.cz\/wp-content\/uploads\/2021\/12\/190126_6675_9_Rudolfinsky-ples_Had-1024x683.jpg 1024w, https:\/\/www.rudolfinskyples.cz\/wp-content\/uploads\/2021\/12\/190126_6675_9_Rudolfinsky-ples_Had-300x200.jpg 300w, https:\/\/www.rudolfinskyples.cz\/wp-content\/uploads\/2021\/12\/190126_6675_9_Rudolfinsky-ples_Had-768x512.jpg 768w, https:\/\/www.rudolfinskyples.cz\/wp-content\/uploads\/2021\/12\/190126_6675_9_Rudolfinsky-ples_Had-1536x1024.jpg 1536w, https:\/\/www.rudolfinskyples.cz\/wp-content\/uploads\/2021\/12\/190126_6675_9_Rudolfinsky-ples_Had-2048x1365.jpg 2048w\" sizes=\"auto, (max-width: 1024px) 100vw, 1024px\" \/><\/figure>\n<\/figure>\n\n\n\n<div style=\"height:14px\" aria-hidden=\"true\" class=\"wp-block-spacer\"><\/div>\n\n\n\n<p><strong>AKUSTICK\u00c1 HUDBA<\/strong>&nbsp;<\/p>\n\n\n\n<p>K tanci op\u011bt zahraj\u00ed&nbsp;<a href=\"http:\/\/bandzone.cz\/housebrokenconsort\">Housebroken consort<\/a>&nbsp;a&nbsp;<a href=\"http:\/\/web.quick.cz\/shb\/\">Svobodn\u00e9 <\/a><a href=\"https:\/\/svobodne-hudebni-bratrstvo.webnode.cz\/\">hudebn\u00ed<\/a><a href=\"http:\/\/web.quick.cz\/shb\/\"> bratrstvo<\/a>.<\/p>\n\n\n\n<p>M\u00e1me r\u00e1di, kdy\u017e hudba zn\u00ed tak, jak zn\u011bla na\u0161im p\u0159edk\u016fm, tedy bez ozvu\u010den\u00ed, akusticky. Znamen\u00e1 to, \u017ee cel\u00fd ples je relativn\u011b tich\u00e1 ud\u00e1lost. Nicm\u00e9n\u011b si u n\u00e1s m\u016f\u017eete prohl\u00e9dnout a poslechnout dnes z\u0159\u00eddka v\u00eddan\u00e9 n\u00e1stroje jako je loutna, cink, viola da gamba, renesan\u010dn\u00ed traverso, harfa atd. Pokud hr\u00e1\u010d\u016fm p\u0159inesete z \u0161enku n\u011bjak\u00fd n\u00e1poj \u010di pokrm, pak v\u00e1m jist\u011b budou o sv\u00fdch n\u00e1stroj\u00edch s l\u00e1skou vypr\u00e1v\u011bt a\u017e do konce sv\u00e9 pauzy. \ud83d\ude42<\/p>\n\n\n\n<p class=\"has-vivid-red-color has-text-color has-link-color wp-elements-682640cbbfbd6dfd9dc65548e0635ffe\"><strong>TANCE\u00a0<\/strong>&#8211; Informace budou aktualizov\u00e1ny !<\/p>\n\n\n\n<p>Pro pravideln\u00e9 \u00fa\u010dastn\u00edky je zde <a href=\"https:\/\/www.rudolfinskyples.cz\/index.php\/tanec\/\">Seznam plesov\u00fdch tanc\u016f<\/a>, pro ty kte\u0159\u00ed se cht\u011bj\u00ed n\u011bjak\u00fd tanec nau\u010dit \u010di si ho p\u0159ipomenout je tu <a href=\"https:\/\/drive.google.com\/file\/d\/1et5D9rVzXMWkYCvAL9wmWniL5TGNUYpT\/view?usp=sharing\">P\u0159\u00edru\u010dka s <\/a><a href=\"https:\/\/drive.google.com\/file\/d\/1hg-guQUGAu9t39YjtZjip7MfGCgrnVnH\/view?usp=sharing\">plesov\u00fdmi<\/a><a href=\"https:\/\/drive.google.com\/file\/d\/1et5D9rVzXMWkYCvAL9wmWniL5TGNUYpT\/view?usp=sharing\"> tanci<\/a>, a pro ty, kte\u0159\u00ed se cht\u011bj\u00ed alespo\u0148 pod\u00edvat, co a jak se tak u n\u00e1s tan\u010d\u00ed, jsou tu p\u0159ipravovan\u00e1 <a href=\"https:\/\/www.youtube.com\/playlist?list=PLl4LGDiS0_BgjjodtAV4-2dK3SXkb5P5n\" data-type=\"URL\" target=\"_blank\" rel=\"noreferrer noopener\">videa na youtube.<\/a><\/p>\n\n\n\n<p>\u017de v\u0161echny tance nezn\u00e1te? Nevad\u00ed, i letos se n\u011bkter\u00e9\u00a0budete moci nau\u010dit na <a href=\"https:\/\/www.rudolfinskyples.cz\/index.php\/predplesove-opacko\/\">p\u0159edplesov\u00e9m semin\u00e1\u0159i<\/a> \u010di na rychl\u00e9m op\u00e1\u010dku v den plesu 23. 1. od 9 do 13 hod v DDM Prahy 2 (adresa Lubla\u0148sk\u00e1 18, Praha 2, kousek od Novom\u011bstsk\u00e9 radnice, kde bude ples) \u010di zopakovat dle p\u0159ipravovan\u00fdch <a href=\"https:\/\/www.youtube.com\/playlist?list=PLl4LGDiS0_BgjjodtAV4-2dK3SXkb5P5n\" data-type=\"URL\" data-id=\"https:\/\/www.youtube.com\/playlist?list=PLl4LGDiS0_BgjjodtAV4-2dK3SXkb5P5n\" target=\"_blank\" rel=\"noreferrer noopener\">vide\u00ed<\/a>.<\/p>\n\n\n\n<p><strong>RECITACE B\u00c1SN\u00cd, TANEC NA P\u0158\u00c1N\u00cd, ZP\u011aV,<\/strong> H<strong>RA <\/strong><\/p>\n\n\n\n<p>Pokud se na leto\u0161n\u00edm plese chcete n\u011b\u010d\u00edm bl\u00fdsknout, m\u00e1te mo\u017enost. Dejte n\u00e1m jen pros\u00edm v\u011bd\u011bt s dostate\u010dn\u00fdm p\u0159edstihem.<\/p>\n\n\n\n<p><strong>HRY<\/strong><\/p>\n\n\n\n<p>A\u0165 u\u017e si jen chcete odpo\u010dinout od tance nebo pojmout cel\u00fd ples trochu jinak, op\u011bt budete m\u00edt mo\u017enost \u2013 po celou dobu plesu v\u00e1m budou k dispozici dobov\u00e9 hry (kostky, vrhc\u00e1by, karty). Nemus\u00edte tan\u010dit, hlavn\u00ed je, abyste se bavili!<\/p>\n\n\n\n<p><strong>KOST\u00ddMY<\/strong><\/p>\n\n\n\n<p>Abychom nepokazili dobov\u00e9 \u201ekulisy\u201c plesu, vyhla\u0161ujeme na celou dobu akce kost\u00fdmovou povinnost&nbsp;renesance a ran\u00e9ho baroka (1500-1700), Evropa.&nbsp;Kost\u00fdmy&nbsp;je mo\u017eno p\u016fj\u010dit, doporu\u010dujeme kamar\u00e1dy, p\u0159\u00edpadn\u011b&nbsp;Barrandov, m\u016f\u017eeme v\u00e1m s kost\u00fdmy pomoci i my. Pro zachov\u00e1n\u00ed dobov\u00e9 atmosf\u00e9ry v\u00e1s tak\u00e9 pros\u00edme, abyste si p\u0159inesli&nbsp;vlastn\u00ed poh\u00e1r na pit\u00ed, m\u00e1te-li vlastn\u00ed dobov\u00e9 j\u00eddeln\u00ed vybaven\u00ed &#8211; tal\u00ed\u0159, j\u00eddeln\u00ed no\u017e\u00edk apod. :-), nechali doma fotoapar\u00e1t, pokud mo\u017eno nechali doma br\u00fdle a rad\u011bji je nahradili kontaktn\u00edmi \u010do\u010dkami. V omezen\u00e9 m\u00ed\u0159e v\u00e1m m\u016f\u017eeme <a href=\"https:\/\/www.facebook.com\/media\/set\/?vanity=100041679078559&amp;set=a.764088551657107\">kost\u00fdm<\/a> na akci i za poplatek zap\u016fj\u010dit. <meta charset=\"utf-8\">Pokud m\u00e1te dotazy nebo si nev\u00edte rady, nev\u00e1hejte se na n\u00e1s obr\u00e1tit a\u0165 ji\u017e <a href=\"rudolfinskyples@gmail.com\">mailem<\/a>, <a href=\"http:\/\/+420724979840\" data-type=\"URL\" data-id=\"+420724979840\">telefonicky<\/a>, \u010di prost\u0159ednictv\u00edm n\u011bkter\u00e9 komunika\u010dn\u00ed platformy.<\/p>\n\n\n\n<p><strong>Tane\u010dn\u00ed po\u0159\u00e1dek, pravidla her&nbsp;a dal\u0161\u00ed informace<\/strong>&nbsp;o plese:&nbsp;<a href=\"https:\/\/rond.cz\/rond-o-s\/ples\/\">http:\/\/www.rond.cz\/ples\/<\/a><\/p>\n\n\n\n<p><\/p>\n","protected":false},"excerpt":{"rendered":"<p>\u201eObl\u00e9kn\u011bte si dobov\u00fd kost\u00fdm, op\u00e1sejte se \u0161erpou a zav\u0159ete o\u010di. U\u017e to sly\u0161\u00edte? \u2026 cink\u00e1n\u00ed kovov\u00fdch poh\u00e1r\u016f, \u0161um hlas\u016f, vesel\u00fd sm\u00edch, hra v&nbsp;kostky, melodick\u00e1 hudba,<a href=\"https:\/\/www.rudolfinskyples.cz\/\" class=\"more-link\"><span class=\"screen-reader-text\"> &#8222;16. Rudolf\u00ednsk\u00fd ples &#8211; SAVE THE DATE&#8220;<\/span><\/a><\/p>\n","protected":false},"author":1,"featured_media":0,"parent":0,"menu_order":0,"comment_status":"closed","ping_status":"open","template":"","meta":{"footnotes":""},"class_list":["post-2","page","type-page","status-publish","hentry"],"_links":{"self":[{"href":"https:\/\/www.rudolfinskyples.cz\/index.php\/wp-json\/wp\/v2\/pages\/2","targetHints":{"allow":["GET"]}}],"collection":[{"href":"https:\/\/www.rudolfinskyples.cz\/index.php\/wp-json\/wp\/v2\/pages"}],"about":[{"href":"https:\/\/www.rudolfinskyples.cz\/index.php\/wp-json\/wp\/v2\/types\/page"}],"author":[{"embeddable":true,"href":"https:\/\/www.rudolfinskyples.cz\/index.php\/wp-json\/wp\/v2\/users\/1"}],"replies":[{"embeddable":true,"href":"https:\/\/www.rudolfinskyples.cz\/index.php\/wp-json\/wp\/v2\/comments?post=2"}],"version-history":[{"count":45,"href":"https:\/\/www.rudolfinskyples.cz\/index.php\/wp-json\/wp\/v2\/pages\/2\/revisions"}],"predecessor-version":[{"id":388,"href":"https:\/\/www.rudolfinskyples.cz\/index.php\/wp-json\/wp\/v2\/pages\/2\/revisions\/388"}],"wp:attachment":[{"href":"https:\/\/www.rudolfinskyples.cz\/index.php\/wp-json\/wp\/v2\/media?parent=2"}],"curies":[{"name":"wp","href":"https:\/\/api.w.org\/{rel}","templated":true}]}}