{"id":311,"date":"2026-01-17T19:13:19","date_gmt":"2026-01-17T19:13:19","guid":{"rendered":"https:\/\/www.rudolfinskyples.cz\/?page_id=311"},"modified":"2026-01-17T19:13:20","modified_gmt":"2026-01-17T19:13:20","slug":"predplesove-opacko","status":"publish","type":"page","link":"https:\/\/www.rudolfinskyples.cz\/index.php\/predplesove-opacko\/","title":{"rendered":"P\u0159edplesov\u00e9 op\u00e1\u010dko"},"content":{"rendered":"\n<p>Chcete-li si n\u011bkter\u00e9 tance s n\u00e1mi p\u0159ed plesem p\u0159ipomenout a p\u0159\u00edpadn\u011b se nau\u010dit n\u011bkter\u00e9 nov\u00e9 je V\u00e1m k dispozici <strong>intenzivn\u00ed kurz v den plesu v prostor\u00e1ch DDM Prahy 2<\/strong>, pod veden\u00edm Alenky a Hanky.<\/p>\n\n\n\n<p>Adresa: <strong>Lubla\u0148sk\u00e1 18 Praha 2 (kousek od metra I. P. Pavlova).<\/strong><\/p>\n\n\n\n<p>Zvo\u0148te na zvonek &#8222;Tane\u010dn\u00ed s\u00e1ly&#8220; &#8211; po t\u00e9 na dv\u016fr, do zelen\u00fdch dve\u0159\u00ed a po schodech dol\u016f.<\/p>\n\n\n\n<p>P\u0159edplesov\u00e9 op\u00e1\u010dko <strong>za\u010d\u00edn\u00e1 v 9 hodin a kon\u010d\u00ed v 13 hodin<\/strong>, tak abychom se stihli v klidu naj\u00edst a p\u0159evl\u00e9knout ne\u017e za\u010dne v 18 hodin ples. <\/p>\n\n\n\n<p>V DDM jsou \u0161atny, toaleta a sprchy a mal\u00e1 nevybaven\u00e1 kuchy\u0148ka. <\/p>\n\n\n\n<p>S sebou si p\u0159ineste:<\/p>\n\n\n\n<ul class=\"wp-block-list\">\n<li>pohodln\u00e9 tane\u010dn\u00ed boty bez podpatku (nap\u0159. jazzovky \u010di pi\u0161koty), kdo nem\u00e1, m\u016f\u017ee bezprobl\u00e9m\u016f tan\u010dit v pono\u017ek\u00e1ch \u010di bos. <\/li>\n<\/ul>\n\n\n\n<ul class=\"wp-block-list\">\n<li>pohodln\u00e9 tri\u010dko a kalhoty na p\u0159evle\u010den\u00ed dle osobn\u00edch preferenc\u00ed<\/li>\n<\/ul>\n\n\n\n<ul class=\"wp-block-list\">\n<li>pit\u00ed a sva\u010dinu.<\/li>\n<\/ul>\n\n\n\n<p><\/p>\n","protected":false},"excerpt":{"rendered":"<p>Chcete-li si n\u011bkter\u00e9 tance s n\u00e1mi p\u0159ed plesem p\u0159ipomenout a p\u0159\u00edpadn\u011b se nau\u010dit n\u011bkter\u00e9 nov\u00e9 je V\u00e1m k dispozici intenzivn\u00ed kurz v den plesu v<a href=\"https:\/\/www.rudolfinskyples.cz\/index.php\/predplesove-opacko\/\" class=\"more-link\"><span class=\"screen-reader-text\"> &#8222;P\u0159edplesov\u00e9 op\u00e1\u010dko&#8220;<\/span><\/a><\/p>\n","protected":false},"author":1,"featured_media":0,"parent":0,"menu_order":0,"comment_status":"closed","ping_status":"closed","template":"","meta":{"footnotes":""},"class_list":["post-311","page","type-page","status-publish","hentry"],"_links":{"self":[{"href":"https:\/\/www.rudolfinskyples.cz\/index.php\/wp-json\/wp\/v2\/pages\/311","targetHints":{"allow":["GET"]}}],"collection":[{"href":"https:\/\/www.rudolfinskyples.cz\/index.php\/wp-json\/wp\/v2\/pages"}],"about":[{"href":"https:\/\/www.rudolfinskyples.cz\/index.php\/wp-json\/wp\/v2\/types\/page"}],"author":[{"embeddable":true,"href":"https:\/\/www.rudolfinskyples.cz\/index.php\/wp-json\/wp\/v2\/users\/1"}],"replies":[{"embeddable":true,"href":"https:\/\/www.rudolfinskyples.cz\/index.php\/wp-json\/wp\/v2\/comments?post=311"}],"version-history":[{"count":1,"href":"https:\/\/www.rudolfinskyples.cz\/index.php\/wp-json\/wp\/v2\/pages\/311\/revisions"}],"predecessor-version":[{"id":367,"href":"https:\/\/www.rudolfinskyples.cz\/index.php\/wp-json\/wp\/v2\/pages\/311\/revisions\/367"}],"wp:attachment":[{"href":"https:\/\/www.rudolfinskyples.cz\/index.php\/wp-json\/wp\/v2\/media?parent=311"}],"curies":[{"name":"wp","href":"https:\/\/api.w.org\/{rel}","templated":true}]}}