{"id":8,"date":"2021-10-17T19:30:49","date_gmt":"2021-10-17T19:30:49","guid":{"rendered":"http:\/\/www.rudolfinskyples.cz\/?page_id=8"},"modified":"2025-12-07T21:38:35","modified_gmt":"2025-12-07T21:38:35","slug":"kontakt","status":"publish","type":"page","link":"https:\/\/www.rudolfinskyples.cz\/index.php\/kontakt\/","title":{"rendered":"Kontakt"},"content":{"rendered":"\n<p><strong>Podrobnosti a jin\u00e9 informace s V\u00e1mi r\u00e1dy proberou<br><\/strong>Ad\u00e9la Jel\u00ednkov\u00e1 +420 724 979 840<br>Hana Major Sl\u00e1dkov\u00e1 +420 737 738 811<br>nebo&nbsp;e-mailem:&nbsp;<a rel=\"noreferrer noopener\" href=\"mailto:rudolfinskyples@gmail.com\" target=\"_blank\">rudolfinskyples@gmail.com<\/a><\/p>\n\n\n\n<p><strong>PRO NOVIN\u00c1\u0158E<\/strong><\/p>\n\n\n\n<p><strong>Tiskov\u00e1 zpr\u00e1va<\/strong>:&nbsp;<a href=\"https:\/\/onedrive.live.com\/edit.aspx?resid=8603DB15259E8ED0!26112&amp;cid=8603db15259e8ed0&amp;CT=1705477740680&amp;OR=ItemsView\" data-type=\"URL\" data-id=\"https:\/\/onedrive.live.com\/?authkey=%21AFx7cEKM00cPdrI&amp;cid=8603DB15259E8ED0&amp;id=8603DB15259E8ED0%2113300&amp;parId=8603DB15259E8ED0%213226&amp;o=OneUp\" target=\"_blank\" rel=\"noreferrer noopener\">PDF<\/a><\/p>\n\n\n\n<p><strong><a href=\"https:\/\/rond.cz\/wp-content\/uploads\/RudolfinskyPles_2022_foto_PR.zip\" data-type=\"URL\" data-id=\"https:\/\/rond.cz\/wp-content\/uploads\/RudolfinskyPles_2022_foto_PR.zip\">Fotografie&nbsp;<\/a>ke sta\u017een\u00ed pro PR<\/strong><\/p>\n\n\n\n<figure class=\"wp-block-image size-full\"><img loading=\"lazy\" decoding=\"async\" width=\"1129\" height=\"800\" src=\"https:\/\/www.rudolfinskyples.cz\/wp-content\/uploads\/2025\/11\/plakat_260124_w8.jpg\" alt=\"\" class=\"wp-image-329\" srcset=\"https:\/\/www.rudolfinskyples.cz\/wp-content\/uploads\/2025\/11\/plakat_260124_w8.jpg 1129w, https:\/\/www.rudolfinskyples.cz\/wp-content\/uploads\/2025\/11\/plakat_260124_w8-300x213.jpg 300w, https:\/\/www.rudolfinskyples.cz\/wp-content\/uploads\/2025\/11\/plakat_260124_w8-1024x726.jpg 1024w, https:\/\/www.rudolfinskyples.cz\/wp-content\/uploads\/2025\/11\/plakat_260124_w8-768x544.jpg 768w\" sizes=\"auto, (max-width: 1129px) 100vw, 1129px\" \/><\/figure>\n","protected":false},"excerpt":{"rendered":"<p>Podrobnosti a jin\u00e9 informace s V\u00e1mi r\u00e1dy proberouAd\u00e9la Jel\u00ednkov\u00e1 +420 724 979 840Hana Major Sl\u00e1dkov\u00e1 +420 737 738 811nebo&nbsp;e-mailem:&nbsp;rudolfinskyples@gmail.com PRO NOVIN\u00c1\u0158E Tiskov\u00e1 zpr\u00e1va:&nbsp;PDF Fotografie&nbsp;ke sta\u017een\u00ed<a href=\"https:\/\/www.rudolfinskyples.cz\/index.php\/kontakt\/\" class=\"more-link\"><span class=\"screen-reader-text\"> &#8222;Kontakt&#8220;<\/span><\/a><\/p>\n","protected":false},"author":1,"featured_media":0,"parent":0,"menu_order":0,"comment_status":"closed","ping_status":"closed","template":"","meta":{"footnotes":""},"class_list":["post-8","page","type-page","status-publish","hentry"],"_links":{"self":[{"href":"https:\/\/www.rudolfinskyples.cz\/index.php\/wp-json\/wp\/v2\/pages\/8","targetHints":{"allow":["GET"]}}],"collection":[{"href":"https:\/\/www.rudolfinskyples.cz\/index.php\/wp-json\/wp\/v2\/pages"}],"about":[{"href":"https:\/\/www.rudolfinskyples.cz\/index.php\/wp-json\/wp\/v2\/types\/page"}],"author":[{"embeddable":true,"href":"https:\/\/www.rudolfinskyples.cz\/index.php\/wp-json\/wp\/v2\/users\/1"}],"replies":[{"embeddable":true,"href":"https:\/\/www.rudolfinskyples.cz\/index.php\/wp-json\/wp\/v2\/comments?post=8"}],"version-history":[{"count":13,"href":"https:\/\/www.rudolfinskyples.cz\/index.php\/wp-json\/wp\/v2\/pages\/8\/revisions"}],"predecessor-version":[{"id":361,"href":"https:\/\/www.rudolfinskyples.cz\/index.php\/wp-json\/wp\/v2\/pages\/8\/revisions\/361"}],"wp:attachment":[{"href":"https:\/\/www.rudolfinskyples.cz\/index.php\/wp-json\/wp\/v2\/media?parent=8"}],"curies":[{"name":"wp","href":"https:\/\/api.w.org\/{rel}","templated":true}]}}