{"id":88,"date":"2021-12-15T14:50:01","date_gmt":"2021-12-15T14:50:01","guid":{"rendered":"https:\/\/www.rudolfinskyples.cz\/?page_id=88"},"modified":"2025-11-30T22:32:49","modified_gmt":"2025-11-30T22:32:49","slug":"listky","status":"publish","type":"page","link":"https:\/\/www.rudolfinskyples.cz\/index.php\/listky\/","title":{"rendered":"L\u00edstky"},"content":{"rendered":"\n<p class=\"has-vivid-red-color has-text-color has-link-color wp-elements-71debf52a26be3f976b88fcdea05eda8\">Spu\u0161t\u011bn\u00ed rezervac\u00ed od 1. 12. 2026 v 1:12 \ud83d\ude42<\/p>\n\n\n\n<lektory-presenter button_label=\"Koupit\" mode=\"EVENT\" org_id=\"2235db0c-99ce-47d5-8812-0ce19f803e0c\" event_url_id=\"15-rudolfinsky-ples\" css=\"https:\/\/storage.googleapis.com\/lektory-custom-styles\/rudolfinskyples.cz.css\"><\/lektory-presenter>\n\n\n\n<p><\/p>\n\n\n\n<p>Cht\u011bli bychom, aby byl ples finan\u010dn\u011b dostupn\u00fd pro v\u0161echny, proto nab\u00edz\u00edme vedle d\u011btsk\u00fdch a seniorn\u00edch slev tak\u00e9 tzv. brig\u00e1dnick\u00e9 vstupn\u00e9, ve kter\u00e9m si \u010d\u00e1st vstupn\u00e9ho m\u016f\u017eete odpracovat v r\u00e1mci p\u0159\u00edprav p\u0159ed plesem &#8211; z\u00e1rove\u0148 t\u00edm m\u016f\u017eete nakouknout do plesov\u00e9ho z\u00e1kulis\u00ed a sezn\u00e1mit se s na\u0161\u00edm t\u00fdmem :).<\/p>\n\n\n\n<p>Pokud si v\u0161ak m\u016f\u017eete dovolit zaplatit v\u00edc, nebo byste r\u00e1di podpo\u0159ili rudolfinskyples.cz, m\u016f\u017eete n\u00e1m \u201etrochu\u201c nebo \u201etrochu v\u00edc\u201c pomoci. Budeme v\u00e1m neskonale vd\u011b\u010dn\u00ed a p\u0159iprav\u00edme pro v\u00e1s jako pod\u011bkov\u00e1n\u00ed mal\u00e9 p\u0159ekvapen\u00ed. \ud83d\ude42<\/p>\n\n\n\n<p>Spole\u010dn\u011b se vstupenkou si m\u016f\u017eete p\u0159iobjednat rezervaci m\u00edsta k sezen\u00ed. Po cel\u00fd ve\u010der bude k\u0159es\u00edlko u stolu va\u0161e a nikdo v\u00e1m jej nezasedne. \u017didle samoz\u0159ejm\u011b budou i pro ostatn\u00ed hosty, jen v\u00e1m nem\u016f\u017eeme zaru\u010dit, \u017ee v\u00e1m je n\u011bkdo v pr\u016fb\u011bhu ve\u010dera nezasedne. <\/p>\n\n\n\n<p>Co kdy\u017e si koup\u00edte l\u00edstek, ale nakonec nebudete moci p\u0159ijet? Zkuste ho nab\u00eddnout n\u011bkomu jin\u00e9mu, kdo si ples u\u017eije m\u00edsto v\u00e1s, a dejte n\u00e1m o tom v\u011bd\u011bt. Nebo n\u00e1m napi\u0161te a my v\u00e1s se v\u00e1s pokus\u00edme s p\u0159\u00edpadn\u00fdm z\u00e1jemcem zkontaktovat.<\/p>\n\n\n\n<p>\u00da\u010dast\u00ed na plese vyjad\u0159ujete souhlas s po\u0159izov\u00e1n\u00edm fotografi\u00ed a videoz\u00e1znam\u016f a s t\u00edm, \u017ee je rudolfinskyples.cz a rond.cz m\u016f\u017ee pou\u017e\u00edt k propagaci sv\u00fdch akc\u00ed. (Pokud si z n\u011bjak\u00e9ho d\u016fvodu nep\u0159ejete se na nich objevit, napi\u0161te n\u00e1m na&nbsp;<a href=\"mailto:festival@balfolk.cz\">rudolfinskyples@gmail.cz<\/a>, a my v\u00e1s propoj\u00edme s fotografy.)<\/p>\n\n\n\n<div style=\"height:20px\" aria-hidden=\"true\" class=\"wp-block-spacer\"><\/div>\n\n\n\n<p>Na plese je mo\u017en\u00e9 platit bezhotovostn\u011b. <\/p>\n\n\n\n<div style=\"height:20px\" aria-hidden=\"true\" class=\"wp-block-spacer\"><\/div>\n\n\n\n<p>V\u00edce informac\u00ed o plese je mo\u017en\u00e9 z\u00edskat na <a href=\"mailto:rudolfinskyples@gmail.com\">rudolfinskyples@gmail.com<\/a> \u010di <a href=\"https:\/\/www.facebook.com\/Rudolf%C3%ADnsk\u00fd-ples-742090362794333\">FB <\/a><a href=\"https:\/\/www.facebook.com\/Rudolf%C3%ADnsk\u00fd-ples-742090362794333\" target=\"_blank\" rel=\"noreferrer noopener\">str\u00e1nk\u00e1ch<\/a>.<\/p>\n\n\n\n<p>V p\u0159\u00edpad\u011b nekon\u00e1n\u00ed akce z epidemiologick\u00fdch d\u016fvod\u016f budeme vstupn\u00e9 vracet. <\/p>\n\n\n\n<div style=\"height:20px\" aria-hidden=\"true\" class=\"wp-block-spacer\"><\/div>\n\n\n\n<p>Leto\u0161n\u00ed ples op\u011bt nen\u00ed podporov\u00e1n \u017e\u00e1dn\u00fdm z d\u0159\u00edv\u011bj\u0161\u00edch grant\u016f.<\/p>\n","protected":false},"excerpt":{"rendered":"<p>Spu\u0161t\u011bn\u00ed rezervac\u00ed od 1. 12. 2026 v 1:12 \ud83d\ude42 Cht\u011bli bychom, aby byl ples finan\u010dn\u011b dostupn\u00fd pro v\u0161echny, proto nab\u00edz\u00edme vedle d\u011btsk\u00fdch a seniorn\u00edch slev<a href=\"https:\/\/www.rudolfinskyples.cz\/index.php\/listky\/\" class=\"more-link\"><span class=\"screen-reader-text\"> &#8222;L\u00edstky&#8220;<\/span><\/a><\/p>\n","protected":false},"author":1,"featured_media":0,"parent":0,"menu_order":0,"comment_status":"closed","ping_status":"closed","template":"","meta":{"footnotes":""},"class_list":["post-88","page","type-page","status-publish","hentry"],"_links":{"self":[{"href":"https:\/\/www.rudolfinskyples.cz\/index.php\/wp-json\/wp\/v2\/pages\/88","targetHints":{"allow":["GET"]}}],"collection":[{"href":"https:\/\/www.rudolfinskyples.cz\/index.php\/wp-json\/wp\/v2\/pages"}],"about":[{"href":"https:\/\/www.rudolfinskyples.cz\/index.php\/wp-json\/wp\/v2\/types\/page"}],"author":[{"embeddable":true,"href":"https:\/\/www.rudolfinskyples.cz\/index.php\/wp-json\/wp\/v2\/users\/1"}],"replies":[{"embeddable":true,"href":"https:\/\/www.rudolfinskyples.cz\/index.php\/wp-json\/wp\/v2\/comments?post=88"}],"version-history":[{"count":19,"href":"https:\/\/www.rudolfinskyples.cz\/index.php\/wp-json\/wp\/v2\/pages\/88\/revisions"}],"predecessor-version":[{"id":343,"href":"https:\/\/www.rudolfinskyples.cz\/index.php\/wp-json\/wp\/v2\/pages\/88\/revisions\/343"}],"wp:attachment":[{"href":"https:\/\/www.rudolfinskyples.cz\/index.php\/wp-json\/wp\/v2\/media?parent=88"}],"curies":[{"name":"wp","href":"https:\/\/api.w.org\/{rel}","templated":true}]}}